{"id":209,"date":"2026-03-04T23:31:39","date_gmt":"2026-03-04T23:31:39","guid":{"rendered":"https:\/\/montebelloesmeralda.mx\/?page_id=209"},"modified":"2026-03-05T17:00:52","modified_gmt":"2026-03-05T17:00:52","slug":"elementor-209","status":"publish","type":"page","link":"https:\/\/montebelloesmeralda.mx\/index.php\/elementor-209\/","title":{"rendered":"Aviso de Privacidad"},"content":{"rendered":"\t\t<div data-elementor-type=\"wp-page\" data-elementor-id=\"209\" class=\"elementor elementor-209\" data-elementor-post-type=\"page\">\n\t\t\t\t<div class=\"elementor-element elementor-element-f766527 e-flex e-con-boxed e-con e-parent\" data-id=\"f766527\" data-element_type=\"container\" data-e-type=\"container\" data-settings=\"{&quot;background_background&quot;:&quot;classic&quot;}\">\n\t\t\t\t\t<div class=\"e-con-inner\">\n\t\t\t\t<div class=\"elementor-element elementor-element-1e84fa9 elementor-widget elementor-widget-heading\" data-id=\"1e84fa9\" data-element_type=\"widget\" data-e-type=\"widget\" data-widget_type=\"heading.default\">\n\t\t\t\t\t<h2 class=\"elementor-heading-title elementor-size-default\">Aviso de privacidad<\/h2>\t\t\t\t<\/div>\n\t\t\t\t<div class=\"elementor-element elementor-element-e03dd5b elementor-widget elementor-widget-text-editor\" data-id=\"e03dd5b\" data-element_type=\"widget\" data-e-type=\"widget\" data-widget_type=\"text-editor.default\">\n\t\t\t\t\t\t\t\t\t<p>\u00a0<\/p>\n<p><b>RESIDENCIAL ATIZAP\u00c1N S.A. DE C.V., IMPULSORA ECATEPEC S.A. DE C.V., IMPULSORA SAN BARTOLO S.A. DE C.V., DESARROLLO INMOBILIARIO AVANCE ATIZAPAN, S.A. DE C.V., CONSTRUCTORA PROFUSA, S.A. DE C.V. e INMOBILIARIA COLINAS DEL LAGO, S.A. DE C.V.,<\/b><span style=\"font-weight: 400;\"> identificadas conjuntamente como \u00abGRUPO PROFUSA,\u00bb as\u00ed como sus filiales, subsidiarias y empresas pertenecientes al mismo grupo de socios (en adelante, \u00abEl Responsable\u00bb de acuerdo a la definici\u00f3n de la fracci\u00f3n XXVIII del art\u00edculo 3 de la <\/span><b>Ley Federal de Protecci\u00f3n de Datos Personales en Posesi\u00f3n de los Particulares<\/b><span style=\"font-weight: 400;\"> [LFPDPPP]), con domicilio en Luz Savi\u00f1\u00f3n n\u00famero 13, interior 204, colonia Del Valle Norte, alcald\u00eda Benito Ju\u00e1rez, Ciudad de M\u00e9xico, C.P. 03103, es responsable del tratamiento de sus <\/span><b>datos personales<\/b><span style=\"font-weight: 400;\"> conforme a lo establecido en la <\/span><b>LFPDPPP<\/b><span style=\"font-weight: 400;\"> y su Reglamento.<\/span><\/p>\n<p><span style=\"font-weight: 400;\">Le solicitamos leer cuidadosamente el presente Aviso de Privacidad, ya que la simple aportaci\u00f3n de sus datos personales constituye la aceptaci\u00f3n de los t\u00e9rminos del presente Aviso de Privacidad.<\/span><\/p>\n<p><span style=\"font-weight: 400;\">Le informamos que sus datos personales pueden ser recabados a trav\u00e9s de solicitudes, declaraciones y dem\u00e1s manifestaciones hechas por usted, a trav\u00e9s de medios electr\u00f3nicos, telef\u00f3nicos o impresos. Estos datos ser\u00e1n utilizados y resguardados \u00fanicamente por GRUPO PROFUSA, en una base de datos bajo la m\u00e1s estricta confidencialidad, de acuerdo con los procedimientos de seguridad que GRUPO PROFUSA ha implementado, cuyo acceso estar\u00e1 limitado a las personas f\u00edsicas y morales con las que GRUPO PROFUSA tenga relaci\u00f3n jur\u00eddica.<\/span><\/p>\n<p><b>IDENTIFICACI\u00d3N DEL RESPONSABLE\u00a0<\/b><\/p>\n<p><b>Raz\u00f3n Social <\/b><span style=\"font-weight: 400;\">Residencial Atizap\u00e1n S.A. de C.V., Impulsora Ecatepec S.A. de C.V., Impulsora San Bartolo S.A. De C.V., Desarrollo Inmobiliario Avance Atizap\u00e1n, S.A. de C.V., Constructora Profusa, S.A. de C.V. e Inmobiliaria Colinas del Lago, S.A. de C.V.<\/span><\/p>\n<p><b>Giro<\/b><span style=\"font-weight: 400;\">\u00a0 Inmobiliario<\/span><\/p>\n<p><b>Sitio web <\/b><a href=\"http:\/\/profusa.mx\"><b>http:\/\/profusa.mx<\/b><\/a><b>\u00a0<\/b><\/p>\n<p><b>Tel\u00e9fono <\/b><span style=\"font-weight: 400;\">\u00a0\u00a055 52902727<\/span><\/p>\n<p><b>Domicilio<\/b><span style=\"font-weight: 400;\">\u00a0 Luz Savi\u00f1\u00f3n n\u00famero 13, interior 204, colonia Del Valle Norte, alcald\u00eda Benito Ju\u00e1rez, Ciudad de M\u00e9xico, C.P. 03103<\/span><\/p>\n<p><b>Correo electr\u00f3nico<\/b> <a href=\"mailto:protecciondatos@profusa.mx\"><span style=\"font-weight: 400;\">protecciondatos@profusa.mx<\/span><\/a><\/p>\n<p><b>Horario de Atenci\u00f3n<\/b><span style=\"font-weight: 400;\"> lunes a viernes de las 9 horas a las 17 horas<\/span><\/p>\n<p>\u00a0<\/p>\n<p><b>DATOS PERSONALES RECABADOS<\/b><\/p>\n<p><span style=\"font-weight: 400;\">Los datos personales que recabamos de usted pueden ser de manera personal o a trav\u00e9s de un Encargado (definido en la fracci\u00f3n XV del art\u00edculo 3 de la LFPDPPP), e incluyen:<\/span><\/p>\n<ul>\n<li style=\"font-weight: 400;\" aria-level=\"1\"><span style=\"font-weight: 400;\">Datos de identificaci\u00f3n (nombre, fecha de nacimiento, nacionalidad, clave \u00fanica de poblaci\u00f3n, etc.).<\/span><\/li>\n<li style=\"font-weight: 400;\" aria-level=\"1\"><span style=\"font-weight: 400;\">Datos de contacto (correo electr\u00f3nico, n\u00famero telef\u00f3nico, direcci\u00f3n, lugar de trabajo).<\/span><\/li>\n<li style=\"font-weight: 400;\" aria-level=\"1\"><span style=\"font-weight: 400;\">Datos financieros (ingresos, n\u00famero de cuenta, CLABE interbancaria, registro federal de causantes, informaci\u00f3n de facturaci\u00f3n).<\/span><\/li>\n<li style=\"font-weight: 400;\" aria-level=\"1\"><span style=\"font-weight: 400;\">Datos laborales (puesto, empresa en la que labora, referencias laborales).<\/span><\/li>\n<\/ul>\n<p><span style=\"font-weight: 400;\">GRUPO PROFUSA no recaba datos personales sensibles, considerados como tales por la LFPDPPP, como aquellos que puedan revelar aspectos como origen racial o \u00e9tnico, estado de salud presente o futuro, informaci\u00f3n gen\u00e9tica, creencias religiosas, filos\u00f3ficas y morales, afiliaciones sindicales, opiniones pol\u00edticas, preferencias sexuales, etc.<\/span><\/p>\n<p><b>FINALIDADES DEL TRATAMIENTO<\/b><\/p>\n<p><span style=\"font-weight: 400;\">Sus datos personales ser\u00e1n utilizados para las siguientes finalidades:<\/span><\/p>\n<ul>\n<li style=\"font-weight: 400;\" aria-level=\"1\"><span style=\"font-weight: 400;\">Brindarle los productos y servicios solicitados.<\/span><\/li>\n<li style=\"font-weight: 400;\" aria-level=\"1\"><span style=\"font-weight: 400;\">Procesamiento de pagos y facturaci\u00f3n.<\/span><\/li>\n<li style=\"font-weight: 400;\" aria-level=\"1\"><span style=\"font-weight: 400;\">Atenci\u00f3n y seguimiento a solicitudes de informaci\u00f3n.<\/span><\/li>\n<li style=\"font-weight: 400;\" aria-level=\"1\"><span style=\"font-weight: 400;\">Cumplimiento de obligaciones legales y contractuales.<\/span><\/li>\n<li style=\"font-weight: 400;\" aria-level=\"1\"><span style=\"font-weight: 400;\">Evaluaciones de calidad y satisfacci\u00f3n del servicio.<\/span><\/li>\n<li style=\"font-weight: 400;\" aria-level=\"1\"><span style=\"font-weight: 400;\">Env\u00edo de publicidad y promociones (en caso de otorgar su consentimiento expreso).<\/span><\/li>\n<\/ul>\n<p><b>TRANSFERENCIAS DE DATOS<\/b><\/p>\n<p><span style=\"font-weight: 400;\">Sus datos personales podr\u00e1n ser transferidos a terceros \u00fanicamente en los siguientes casos:<\/span><\/p>\n<ul>\n<li style=\"font-weight: 400;\" aria-level=\"1\"><span style=\"font-weight: 400;\">A autoridades competentes, cuando sea requerido por ley.<\/span><\/li>\n<li style=\"font-weight: 400;\" aria-level=\"1\"><span style=\"font-weight: 400;\">A proveedores que presten servicios necesarios para el cumplimiento de nuestras obligaciones (instituciones de cr\u00e9dito, INFONAVIT, notarias, etc.).<\/span><\/li>\n<li style=\"font-weight: 400;\" aria-level=\"1\"><span style=\"font-weight: 400;\">A instituciones bancarias para la gesti\u00f3n de pagos y reembolsos.<\/span><\/li>\n<li style=\"font-weight: 400;\" aria-level=\"1\"><span style=\"font-weight: 400;\">A terceros con los que tengamos acuerdos comerciales, solo con su consentimiento previo.<\/span><\/li>\n<\/ul>\n<p><b>DERECHOS ARCO (ACCESO, RECTIFICACI\u00d3N, CANCELACI\u00d3N Y OPOSICI\u00d3N)<\/b><\/p>\n<p><span style=\"font-weight: 400;\">Usted tiene derecho a conocer qu\u00e9 datos personales tenemos, c\u00f3mo los usamos y las condiciones del tratamiento (Acceso). Tambi\u00e9n puede solicitar la correcci\u00f3n de su informaci\u00f3n en caso de que est\u00e9 desactualizada, sea inexacta o incompleta (Rectificaci\u00f3n); solicitar que eliminemos sus datos de nuestros registros o bases de datos cuando considere que no est\u00e1n siendo utilizados adecuadamente (Cancelaci\u00f3n); as\u00ed como oponerse al uso de sus datos para fines espec\u00edficos (Oposici\u00f3n).<\/span><\/p>\n<p><span style=\"font-weight: 400;\">Para ejercer cualquiera de sus derechos ARCO, env\u00ede una solicitud a nuestro Departamento de Protecci\u00f3n de Datos Personales al correo electr\u00f3nico: <\/span><a href=\"mailto:protecciondatos@profusa.mx\"><span style=\"font-weight: 400;\">protecciondatos@profusa.mx<\/span><\/a><span style=\"font-weight: 400;\"> con atenci\u00f3n a Oficial de Privacidad, o bien, en nuestro domicilio f\u00edsico en un horario de lunes a viernes de las 9 horas a las 17 horas. Daremos respuesta en un plazo m\u00e1ximo de 20 d\u00edas h\u00e1biles conforme a la normatividad vigente.<\/span><\/p>\n<p><b>MEDIDAS DE SEGURIDAD<\/b><\/p>\n<p><span style=\"font-weight: 400;\">GRUPO PROFUSA implementa medidas de seguridad f\u00edsicas, administrativas y tecnol\u00f3gicas para proteger sus datos personales contra da\u00f1o, p\u00e9rdida, alteraci\u00f3n, destrucci\u00f3n o uso no autorizado.<\/span><\/p>\n<p><b>USO DE COOKIES Y TECNOLOG\u00cdAS SIMILARES<\/b><\/p>\n<p><span style=\"font-weight: 400;\">Nuestro sitio web puede utilizar cookies para mejorar su experiencia de usuario. Usted puede configurar su navegador para rechazarlas, aunque esto podr\u00eda afectar algunas funciones del sitio.<\/span><\/p>\n<p><span style=\"font-weight: 400;\">La protecci\u00f3n de datos personales proporcionados por usted por medio de la p\u00e1gina web de GRUPO PROFUSA no se puede garantizar totalmente. Una vez recibidos por GRUPO PROFUSA, haremos todo lo posible para salvaguardar su informaci\u00f3n.<\/span><\/p>\n<p><b>CAMBIOS AL AVISO DE PRIVACIDAD<\/b><\/p>\n<p><span style=\"font-weight: 400;\">El presente Aviso de Privacidad puede ser modificado en cualquier momento. Los cambios ser\u00e1n publicados en nuestra p\u00e1gina web: <\/span><a href=\"http:\/\/profusa.mx\"><span style=\"font-weight: 400;\">http:\/\/profusa.mx<\/span><\/a><span style=\"font-weight: 400;\">\u00a0<\/span><\/p>\n<p><span style=\"font-weight: 400;\">Fecha de \u00faltima actualizaci\u00f3n: 08 de abril del 2025.<\/span><\/p>\n<p><span style=\"font-weight: 400;\">Si tiene dudas o comentarios sobre este Aviso de Privacidad, puede contactarnos en: <\/span><a href=\"mailto:protecciondatos@profusa.mx\"><span style=\"font-weight: 400;\">protecciondatos@profusa.mx<\/span><\/a><span style=\"font-weight: 400;\">\u00a0<\/span><\/p>\n<p><b>ACEPTACI\u00d3N DEL AVISO DE PRIVACIDAD<\/b><\/p>\n<p><span style=\"font-weight: 400;\">Al proporcionar sus datos personales, usted reconoce haber le\u00eddo y aceptado los t\u00e9rminos de este Aviso de Privacidad.<\/span><\/p>\n<p>\u00a0<\/p>\n<p><b>AUTORIDAD COMPETENTE<\/b><\/p>\n<p><span style=\"font-weight: 400;\">Tras haber ejercido sus Derechos de Acceso, Rectificaci\u00f3n, Cancelaci\u00f3n u Oposici\u00f3n; Haber limitado el uso o divulgaci\u00f3n de sus datos personales, o haya revocado su consentimiento de sus datos personales, s\u00ed usted considera que hemos realizado alguna omisi\u00f3n o alguna acci\u00f3n violatoria a lo establecido en la Ley Federal de Protecci\u00f3n de Datos Personales en Posesi\u00f3n de los Particulares, le informamos que de conformidad a la Ley Federal de Protecci\u00f3n de Datos Personales en Posesi\u00f3n de los Particulares, la autoridad mexicana competente ante la cual deber\u00e1 interponer su denuncia o inconformidad es el Instituto Nacional de Transparencia, Acceso a la Informaci\u00f3n y Protecci\u00f3n de Datos Personales (INAI).<\/span><\/p>\t\t\t\t\t\t\t\t<\/div>\n\t\t\t\t\t<\/div>\n\t\t\t\t<\/div>\n\t\t\t\t<\/div>\n\t\t","protected":false},"excerpt":{"rendered":"<p>Aviso de privacidad \u00a0 RESIDENCIAL ATIZAP\u00c1N S.A. DE C.V., IMPULSORA ECATEPEC S.A. DE C.V., IMPULSORA SAN BARTOLO S.A. DE C.V., DESARROLLO INMOBILIARIO AVANCE ATIZAPAN, S.A. DE C.V., CONSTRUCTORA PROFUSA, S.A. DE C.V. e INMOBILIARIA COLINAS DEL LAGO, S.A. DE C.V., identificadas conjuntamente como \u00abGRUPO PROFUSA,\u00bb as\u00ed como sus filiales, subsidiarias y empresas pertenecientes al mismo [&hellip;]<\/p>\n","protected":false},"author":2,"featured_media":0,"parent":0,"menu_order":0,"comment_status":"closed","ping_status":"closed","template":"","meta":{"footnotes":""},"class_list":["post-209","page","type-page","status-publish","hentry"],"_links":{"self":[{"href":"https:\/\/montebelloesmeralda.mx\/index.php\/wp-json\/wp\/v2\/pages\/209","targetHints":{"allow":["GET"]}}],"collection":[{"href":"https:\/\/montebelloesmeralda.mx\/index.php\/wp-json\/wp\/v2\/pages"}],"about":[{"href":"https:\/\/montebelloesmeralda.mx\/index.php\/wp-json\/wp\/v2\/types\/page"}],"author":[{"embeddable":true,"href":"https:\/\/montebelloesmeralda.mx\/index.php\/wp-json\/wp\/v2\/users\/2"}],"replies":[{"embeddable":true,"href":"https:\/\/montebelloesmeralda.mx\/index.php\/wp-json\/wp\/v2\/comments?post=209"}],"version-history":[{"count":8,"href":"https:\/\/montebelloesmeralda.mx\/index.php\/wp-json\/wp\/v2\/pages\/209\/revisions"}],"predecessor-version":[{"id":225,"href":"https:\/\/montebelloesmeralda.mx\/index.php\/wp-json\/wp\/v2\/pages\/209\/revisions\/225"}],"wp:attachment":[{"href":"https:\/\/montebelloesmeralda.mx\/index.php\/wp-json\/wp\/v2\/media?parent=209"}],"curies":[{"name":"wp","href":"https:\/\/api.w.org\/{rel}","templated":true}]}}